{"id":596,"date":"2022-01-11T17:45:09","date_gmt":"2022-01-11T16:45:09","guid":{"rendered":"https:\/\/wordpress.vecurosoft.com\/kundax\/?page_id=596"},"modified":"2026-03-17T09:53:08","modified_gmt":"2026-03-17T08:53:08","slug":"about-us","status":"publish","type":"page","link":"https:\/\/www.kitanoor.ch\/en\/ueber-uns\/","title":{"rendered":"About us"},"content":{"rendered":"<div data-elementor-type=\"wp-page\" data-elementor-id=\"596\" class=\"elementor elementor-596\">\n\t\t\t\t\t\t<section class=\"elementor-section elementor-top-section elementor-element elementor-element-4705d96 elementor-section-full_width elementor-section-height-default elementor-section-height-default\" data-id=\"4705d96\" data-element_type=\"section\" data-e-type=\"section\">\n\t\t\t\t\t\t<div class=\"elementor-container elementor-column-gap-no\">\n\t\t\t\t\t<div class=\"elementor-column elementor-col-100 elementor-top-column elementor-element elementor-element-7fe4cf0\" data-id=\"7fe4cf0\" data-element_type=\"column\" data-e-type=\"column\">\n\t\t\t<div class=\"elementor-widget-wrap elementor-element-populated\">\n\t\t\t\t\t\t<div class=\"elementor-element elementor-element-9a038fe elementor-widget elementor-widget-spacer\" data-id=\"9a038fe\" data-element_type=\"widget\" data-e-type=\"widget\" data-widget_type=\"spacer.default\">\n\t\t\t\t<div class=\"elementor-widget-container\">\n\t\t\t\t\t\t\t<div class=\"elementor-spacer\">\n\t\t\t<div class=\"elementor-spacer-inner\"><\/div>\n\t\t<\/div>\n\t\t\t\t\t\t<\/div>\n\t\t\t\t<\/div>\n\t\t<div class=\"elementor-element elementor-element-68254a9 e-grid e-con-boxed e-con e-parent\" data-id=\"68254a9\" data-element_type=\"container\" data-e-type=\"container\">\n\t\t\t\t\t<div class=\"e-con-inner\">\n\t\t<div class=\"elementor-element elementor-element-7950268 e-con-full e-flex e-con e-child\" data-id=\"7950268\" data-element_type=\"container\" data-e-type=\"container\">\n\t\t\t\t<div class=\"elementor-element elementor-element-4893c21 elementor-widget elementor-widget-heading\" data-id=\"4893c21\" data-element_type=\"widget\" data-e-type=\"widget\" data-widget_type=\"heading.default\">\n\t\t\t\t<div class=\"elementor-widget-container\">\n\t\t\t\t\t<h2 class=\"elementor-heading-title elementor-size-default\"><span class=\"sec-title big-title\" style=\"margin-right: 0px;margin-bottom: 15px;margin-left: 0px;white-space: normal\">Kita Noor \u2013 my passion project<\/span><\/h2>\t\t\t\t<\/div>\n\t\t\t\t<\/div>\n\t\t\t\t<div class=\"elementor-element elementor-element-714230a elementor-widget elementor-widget-text-editor\" data-id=\"714230a\" data-element_type=\"widget\" data-e-type=\"widget\" data-widget_type=\"text-editor.default\">\n\t\t\t\t<div class=\"elementor-widget-container\">\n\t\t\t\t\t\t\t\t\t<p>I always wanted a daycare center where I could leave my own son with peace of mind, a place full of warmth, understanding, and genuine security. Since I couldn't find such a place for him, over the years I developed a desire to create one myself. I am the mother of a severely disabled son and a wonderful daughter. My children have shown me how unique every child is and how important it is that children are seen, with all their needs, feelings, and their own pace.<\/p><p>At Kita Noor, I will consciously work in the background so that the team can concentrate fully on the children.\u00a0<\/p><p>My wish is to create a world for our children where they can simply be themselves, a world full of light, trust, and joy. The greatest gift for me is the moment when children's eyes light up, when laughter fills the room, and you can feel that a child feels safe and accepted.<\/p><p>Kita Noor means \u201clight.\u201d We want to pass on this light every day.<\/p><p>Zeynep Kalfa<br \/>Owner<\/p>\t\t\t\t\t\t\t\t<\/div>\n\t\t\t\t<\/div>\n\t\t\t\t<\/div>\n\t\t\t\t<div class=\"elementor-element elementor-element-6f7012b elementor-widget elementor-widget-image\" data-id=\"6f7012b\" data-element_type=\"widget\" data-e-type=\"widget\" data-widget_type=\"image.default\">\n\t\t\t\t<div class=\"elementor-widget-container\">\n\t\t\t\t\t\t\t\t\t\t\t\t\t\t\t<img fetchpriority=\"high\" decoding=\"async\" width=\"751\" height=\"501\" src=\"https:\/\/www.kitanoor.ch\/wp-content\/uploads\/2026\/03\/kita-noor-zeynep-kalfa-1024x683.jpg\" class=\"attachment-large size-large wp-image-5283\" alt=\"\" srcset=\"https:\/\/www.kitanoor.ch\/wp-content\/uploads\/2026\/03\/kita-noor-zeynep-kalfa-1024x683.jpg 1024w, https:\/\/www.kitanoor.ch\/wp-content\/uploads\/2026\/03\/kita-noor-zeynep-kalfa-300x200.jpg 300w, https:\/\/www.kitanoor.ch\/wp-content\/uploads\/2026\/03\/kita-noor-zeynep-kalfa-768x512.jpg 768w, https:\/\/www.kitanoor.ch\/wp-content\/uploads\/2026\/03\/kita-noor-zeynep-kalfa-1536x1024.jpg 1536w, https:\/\/www.kitanoor.ch\/wp-content\/uploads\/2026\/03\/kita-noor-zeynep-kalfa-2048x1365.jpg 2048w, https:\/\/www.kitanoor.ch\/wp-content\/uploads\/2026\/03\/kita-noor-zeynep-kalfa-18x12.jpg 18w\" sizes=\"(max-width: 751px) 100vw, 751px\" \/>\t\t\t\t\t\t\t\t\t\t\t\t\t\t\t<\/div>\n\t\t\t\t<\/div>\n\t\t\t\t\t<\/div>\n\t\t\t\t<\/div>\n\t\t<div class=\"elementor-element elementor-element-16339ea e-grid e-con-boxed e-con e-parent\" data-id=\"16339ea\" data-element_type=\"container\" data-e-type=\"container\">\n\t\t\t\t\t<div class=\"e-con-inner\">\n\t\t\t\t<div class=\"elementor-element elementor-element-b5c51bb elementor-widget elementor-widget-image\" data-id=\"b5c51bb\" data-element_type=\"widget\" data-e-type=\"widget\" data-widget_type=\"image.default\">\n\t\t\t\t<div class=\"elementor-widget-container\">\n\t\t\t\t\t\t\t\t\t\t\t\t\t\t\t<img decoding=\"async\" width=\"751\" height=\"501\" src=\"https:\/\/www.kitanoor.ch\/wp-content\/uploads\/2026\/03\/kita-noor-sabrina-drab-1024x683.jpg\" class=\"attachment-large size-large wp-image-5285\" alt=\"\" srcset=\"https:\/\/www.kitanoor.ch\/wp-content\/uploads\/2026\/03\/kita-noor-sabrina-drab-1024x683.jpg 1024w, https:\/\/www.kitanoor.ch\/wp-content\/uploads\/2026\/03\/kita-noor-sabrina-drab-300x200.jpg 300w, https:\/\/www.kitanoor.ch\/wp-content\/uploads\/2026\/03\/kita-noor-sabrina-drab-768x512.jpg 768w, https:\/\/www.kitanoor.ch\/wp-content\/uploads\/2026\/03\/kita-noor-sabrina-drab-1536x1024.jpg 1536w, https:\/\/www.kitanoor.ch\/wp-content\/uploads\/2026\/03\/kita-noor-sabrina-drab-2048x1365.jpg 2048w, https:\/\/www.kitanoor.ch\/wp-content\/uploads\/2026\/03\/kita-noor-sabrina-drab-18x12.jpg 18w\" sizes=\"(max-width: 751px) 100vw, 751px\" \/>\t\t\t\t\t\t\t\t\t\t\t\t\t\t\t<\/div>\n\t\t\t\t<\/div>\n\t\t<div class=\"elementor-element elementor-element-e3fa9c5 e-con-full e-flex e-con e-child\" data-id=\"e3fa9c5\" data-element_type=\"container\" data-e-type=\"container\">\n\t\t\t\t<div class=\"elementor-element elementor-element-bad5c26 elementor-widget elementor-widget-heading\" data-id=\"bad5c26\" data-element_type=\"widget\" data-e-type=\"widget\" data-widget_type=\"heading.default\">\n\t\t\t\t<div class=\"elementor-widget-container\">\n\t\t\t\t\t<h2 class=\"elementor-heading-title elementor-size-default\"><span class=\"sec-title big-title\" style=\"margin-right: 0px;margin-bottom: 15px;margin-left: 0px;white-space: normal\">Educational leadership with heart and many years of experience<\/span><\/h2>\t\t\t\t<\/div>\n\t\t\t\t<\/div>\n\t\t\t\t<div class=\"elementor-element elementor-element-a9a4f34 elementor-widget elementor-widget-text-editor\" data-id=\"a9a4f34\" data-element_type=\"widget\" data-e-type=\"widget\" data-widget_type=\"text-editor.default\">\n\t\t\t\t<div class=\"elementor-widget-container\">\n\t\t\t\t\t\t\t\t\t<p>Working with children is much more than just a job for me; for many years, it has felt like a second home.<\/p><p>For over 15 years, I have been accompanying children in their early years and have been able to support, comfort, and encourage them in their development and grow with them. After completing my training as a childcare specialist, I went on to complete further training as a vocational trainer, leadership training, and qualification as an expert for practical final exams. In my work, it is important to me to create a place where children feel safe, secure, and seen\u2014a place where they can discover and learn at their own pace. At the same time, a dedicated team is very important to me, because only those who feel supported and taken seriously can pass on this sense of security to children.<\/p><p>Open and trusting cooperation with you as parents is particularly important to me. Through daily communication, we can work together to find the best path for your child and lovingly accompany them on their individual journey. My wish is for Kita Noor to become a second home for children, parents, and employees\u2014a place full of warmth, trust, and appreciation.<\/p><p>Sabrina Drab<br \/>Operations Manager<\/p>\t\t\t\t\t\t\t\t<\/div>\n\t\t\t\t<\/div>\n\t\t\t\t<\/div>\n\t\t\t\t\t<\/div>\n\t\t\t\t<\/div>\n\t\t\t\t<div class=\"elementor-element elementor-element-60d02ba elementor-hidden-desktop elementor-hidden-tablet elementor-hidden-mobile elementor-widget elementor-widget-kundaxaboutuswidget\" data-id=\"60d02ba\" data-element_type=\"widget\" data-e-type=\"widget\" data-widget_type=\"kundaxaboutuswidget.default\">\n\t\t\t\t<div class=\"elementor-widget-container\">\n\t\t\t\t\t<!-----------------------Start About Us Area-----------------------><div class=\"about-section space\"><div class=\"container\"><div class=\"row align-items-center gy-30\"><div class=\"col-lg-6 wow fadeInLeft\" data-wow-delay=\"0.2s\"><div class=\"img-box-2\"><img decoding=\"async\" src=\"https:\/\/www.kitanoor.ch\/wp-content\/uploads\/2022\/01\/about-us-combine-1.png\" alt=\"about us combine 1\"  \/><\/div><\/div><div class=\"col-lg-5 wow fadeInRight\" data-wow-delay=\"0.2s\"><div class=\"text-center text-lg-start\"><span class=\"sub-title\">About Kita Noor\n<\/span><h2 class=\"sec-title big-title\">Welcome to our colourful world!\n<\/h2><p class=\"fs-md mb-30\"><p>My name is Zeynep Kalfa and I am not only the founder of this colourful world, but also a mother, of a wonderful severely disabled son and daughter, who knows first-hand the challenges and joys of childcare. From my personal experience, I know how important it is to create a safe, loving and nurturing place for our little ones - a place where they are not only well cared for, but also supported in their development.<\/p><\/p><a href=\"https:\/\/www.kitanoor.ch\/en\/contact\/\" class=\"vs-btn wave-btn style-1\">Contact us<\/a><\/div><\/div><\/div><\/div><div class=\"shape-mockup shapePulse d-none d-hd-block\" data-bottom=\"40%\" data-left=\"6%\"><img decoding=\"async\" src=\"https:\/\/www.kitanoor.ch\/wp-content\/uploads\/2022\/01\/dog.png\" alt=\"Noor daycare centre\"><\/div><div class=\"shape-mockup rotate d-none d-md-block\" data-bottom=\"40%\" data-right=\"6%\"><img decoding=\"async\" src=\"https:\/\/www.kitanoor.ch\/wp-content\/uploads\/2022\/01\/star.png\" alt=\"Noor daycare centre\"><\/div><\/div><!-----------------------End About Us Area----------------------->\t\t\t\t<\/div>\n\t\t\t\t<\/div>\n\t\t\t\t\t<\/div>\n\t\t<\/div>\n\t\t\t\t\t<\/div>\n\t\t<\/section>\n\t\t\t\t<section class=\"elementor-section elementor-top-section elementor-element elementor-element-d8a6588 elementor-section-full_width elementor-section-height-default elementor-section-height-default\" data-id=\"d8a6588\" data-element_type=\"section\" data-e-type=\"section\" id=\"offene-stellen\">\n\t\t\t\t\t\t<div class=\"elementor-container elementor-column-gap-no\">\n\t\t\t\t\t<div class=\"elementor-column elementor-col-100 elementor-top-column elementor-element elementor-element-5c1b544\" data-id=\"5c1b544\" data-element_type=\"column\" data-e-type=\"column\">\n\t\t\t<div class=\"elementor-widget-wrap elementor-element-populated\">\n\t\t\t\t\t\t<div class=\"elementor-element elementor-element-bb756fc elementor-widget elementor-widget-spacer\" data-id=\"bb756fc\" data-element_type=\"widget\" data-e-type=\"widget\" data-widget_type=\"spacer.default\">\n\t\t\t\t<div class=\"elementor-widget-container\">\n\t\t\t\t\t\t\t<div class=\"elementor-spacer\">\n\t\t\t<div class=\"elementor-spacer-inner\"><\/div>\n\t\t<\/div>\n\t\t\t\t\t\t<\/div>\n\t\t\t\t<\/div>\n\t\t<div class=\"elementor-element elementor-element-8555f60 e-grid e-con-boxed e-con e-parent\" data-id=\"8555f60\" data-element_type=\"container\" data-e-type=\"container\">\n\t\t\t\t\t<div class=\"e-con-inner\">\n\t\t<div class=\"elementor-element elementor-element-6b54158 e-con-full e-flex e-con e-child\" data-id=\"6b54158\" data-element_type=\"container\" data-e-type=\"container\">\n\t\t\t\t<div class=\"elementor-element elementor-element-8277653 elementor-widget elementor-widget-heading\" data-id=\"8277653\" data-element_type=\"widget\" data-e-type=\"widget\" data-widget_type=\"heading.default\">\n\t\t\t\t<div class=\"elementor-widget-container\">\n\t\t\t\t\t<h2 class=\"elementor-heading-title elementor-size-default\"><span class=\"sec-title big-title\" style=\"margin-right: 0px;margin-bottom: 15px;margin-left: 0px;white-space: normal\">Vacancies<\/span><\/h2>\t\t\t\t<\/div>\n\t\t\t\t<\/div>\n\t\t\t\t<div class=\"elementor-element elementor-element-f74a483 elementor-widget elementor-widget-text-editor\" data-id=\"f74a483\" data-element_type=\"widget\" data-e-type=\"widget\" data-widget_type=\"text-editor.default\">\n\t\t\t\t<div class=\"elementor-widget-container\">\n\t\t\t\t\t\t\t\t\t<p>Thank you for your interest. All our positions at Kita Noor are currently filled.\u00a0<\/p>\t\t\t\t\t\t\t\t<\/div>\n\t\t\t\t<\/div>\n\t\t\t\t<\/div>\n\t\t\t\t<div class=\"elementor-element elementor-element-9b1657d elementor-widget elementor-widget-image\" data-id=\"9b1657d\" data-element_type=\"widget\" data-e-type=\"widget\" data-widget_type=\"image.default\">\n\t\t\t\t<div class=\"elementor-widget-container\">\n\t\t\t\t\t\t\t\t\t\t\t\t\t\t\t<img decoding=\"async\" width=\"751\" height=\"501\" src=\"https:\/\/www.kitanoor.ch\/wp-content\/uploads\/2026\/03\/KMSK_Kinderoper_2026_Nicole_WagnerDSC_9325-1024x683.jpg\" class=\"attachment-large size-large wp-image-5142\" alt=\"\" srcset=\"https:\/\/www.kitanoor.ch\/wp-content\/uploads\/2026\/03\/KMSK_Kinderoper_2026_Nicole_WagnerDSC_9325-1024x683.jpg 1024w, https:\/\/www.kitanoor.ch\/wp-content\/uploads\/2026\/03\/KMSK_Kinderoper_2026_Nicole_WagnerDSC_9325-300x200.jpg 300w, https:\/\/www.kitanoor.ch\/wp-content\/uploads\/2026\/03\/KMSK_Kinderoper_2026_Nicole_WagnerDSC_9325-768x512.jpg 768w, https:\/\/www.kitanoor.ch\/wp-content\/uploads\/2026\/03\/KMSK_Kinderoper_2026_Nicole_WagnerDSC_9325-18x12.jpg 18w, https:\/\/www.kitanoor.ch\/wp-content\/uploads\/2026\/03\/KMSK_Kinderoper_2026_Nicole_WagnerDSC_9325.jpg 1200w\" sizes=\"(max-width: 751px) 100vw, 751px\" \/>\t\t\t\t\t\t\t\t\t\t\t\t\t\t\t<\/div>\n\t\t\t\t<\/div>\n\t\t\t\t\t<\/div>\n\t\t\t\t<\/div>\n\t\t\t\t<div class=\"elementor-element elementor-element-da5b661 elementor-hidden-desktop elementor-hidden-tablet elementor-hidden-mobile elementor-widget elementor-widget-kundaxaboutuswidget\" data-id=\"da5b661\" data-element_type=\"widget\" data-e-type=\"widget\" data-widget_type=\"kundaxaboutuswidget.default\">\n\t\t\t\t<div class=\"elementor-widget-container\">\n\t\t\t\t\t<!-----------------------Start About Us Area-----------------------><div class=\"about-section space\"><div class=\"container\"><div class=\"row align-items-center gy-30\"><div class=\"col-lg-6 wow fadeInLeft\" data-wow-delay=\"0.2s\"><div class=\"img-box-2\"><img decoding=\"async\" src=\"https:\/\/www.kitanoor.ch\/wp-content\/uploads\/2022\/01\/about-us-combine-1.png\" alt=\"about us combine 1\"  \/><\/div><\/div><div class=\"col-lg-5 wow fadeInRight\" data-wow-delay=\"0.2s\"><div class=\"text-center text-lg-start\"><span class=\"sub-title\">About Kita Noor\n<\/span><h2 class=\"sec-title big-title\">Welcome to our colourful world!\n<\/h2><p class=\"fs-md mb-30\"><p>My name is Zeynep Kalfa and I am not only the founder of this colourful world, but also a mother, of a wonderful severely disabled son and daughter, who knows first-hand the challenges and joys of childcare. From my personal experience, I know how important it is to create a safe, loving and nurturing place for our little ones - a place where they are not only well cared for, but also supported in their development.<\/p><\/p><a href=\"https:\/\/www.kitanoor.ch\/en\/contact\/\" class=\"vs-btn wave-btn style-1\">Contact us<\/a><\/div><\/div><\/div><\/div><div class=\"shape-mockup shapePulse d-none d-hd-block\" data-bottom=\"40%\" data-left=\"6%\"><img decoding=\"async\" src=\"https:\/\/www.kitanoor.ch\/wp-content\/uploads\/2022\/01\/dog.png\" alt=\"Noor daycare centre\"><\/div><div class=\"shape-mockup rotate d-none d-md-block\" data-bottom=\"40%\" data-right=\"6%\"><img decoding=\"async\" src=\"https:\/\/www.kitanoor.ch\/wp-content\/uploads\/2022\/01\/star.png\" alt=\"Noor daycare centre\"><\/div><\/div><!-----------------------End About Us Area----------------------->\t\t\t\t<\/div>\n\t\t\t\t<\/div>\n\t\t\t\t\t<\/div>\n\t\t<\/div>\n\t\t\t\t\t<\/div>\n\t\t<\/section>\n\t\t\t\t<\/div>","protected":false},"excerpt":{"rendered":"<p>Kita Noor \u2013 mein Herzensprojekt Ich habe mir immer eine Kita gew\u00fcnscht, in der ich meinen eigenen Sohn mit gutem Gef\u00fchl h\u00e4tte abgeben k\u00f6nnen, einen Ort voller W\u00e4rme, Verst\u00e4ndnis und echter Geborgenheit. Da ich einen solchen Ort f\u00fcr ihn nicht finden konnte, ist \u00fcber die Jahre der Wunsch gewachsen, selbst einen zu schaffen. Ich bin&#8230;<\/p>","protected":false},"author":1,"featured_media":0,"parent":0,"menu_order":4,"comment_status":"closed","ping_status":"closed","template":"template-builder.php","meta":{"footnotes":""},"class_list":["post-596","page","type-page","status-publish","hentry"],"_links":{"self":[{"href":"https:\/\/www.kitanoor.ch\/en\/wp-json\/wp\/v2\/pages\/596","targetHints":{"allow":["GET"]}}],"collection":[{"href":"https:\/\/www.kitanoor.ch\/en\/wp-json\/wp\/v2\/pages"}],"about":[{"href":"https:\/\/www.kitanoor.ch\/en\/wp-json\/wp\/v2\/types\/page"}],"author":[{"embeddable":true,"href":"https:\/\/www.kitanoor.ch\/en\/wp-json\/wp\/v2\/users\/1"}],"replies":[{"embeddable":true,"href":"https:\/\/www.kitanoor.ch\/en\/wp-json\/wp\/v2\/comments?post=596"}],"version-history":[{"count":68,"href":"https:\/\/www.kitanoor.ch\/en\/wp-json\/wp\/v2\/pages\/596\/revisions"}],"predecessor-version":[{"id":5318,"href":"https:\/\/www.kitanoor.ch\/en\/wp-json\/wp\/v2\/pages\/596\/revisions\/5318"}],"wp:attachment":[{"href":"https:\/\/www.kitanoor.ch\/en\/wp-json\/wp\/v2\/media?parent=596"}],"curies":[{"name":"wp","href":"https:\/\/api.w.org\/{rel}","templated":true}]}}