{"id":3,"date":"2024-11-17T17:51:53","date_gmt":"2024-11-17T17:51:53","guid":{"rendered":"https:\/\/www.kitanoor.ch\/?page_id=3"},"modified":"2026-02-18T08:56:02","modified_gmt":"2026-02-18T07:56:02","slug":"imprint","status":"publish","type":"page","link":"https:\/\/www.kitanoor.ch\/en\/impressum\/","title":{"rendered":"Imprint"},"content":{"rendered":"<div data-elementor-type=\"wp-page\" data-elementor-id=\"3\" class=\"elementor elementor-3\">\n\t\t\t\t<div class=\"elementor-element elementor-element-5c1ee71c e-flex e-con-boxed e-con e-parent\" data-id=\"5c1ee71c\" data-element_type=\"container\" data-e-type=\"container\">\n\t\t\t\t\t<div class=\"e-con-inner\">\n\t\t\t\t<div class=\"elementor-element elementor-element-924e61 elementor-widget elementor-widget-text-editor\" data-id=\"924e61\" data-element_type=\"widget\" data-e-type=\"widget\" data-widget_type=\"text-editor.default\">\n\t\t\t\t<div class=\"elementor-widget-container\">\n\t\t\t\t\t\t\t\t\t\n<h1 class=\"wp-block-heading\">Imprint<\/h1>\n<h2 class=\"wp-block-heading\">Contact address<\/h2>\n<p><strong>Noor daycare centre<\/strong> <br \/>Baumackerstrasse 42<br \/>8050 Zurich<\/p>\n<p>E-Mail: <a href=\"mailto:info@kitanoor.ch\">info@kitanoor.ch<\/a><\/p>\n<div class=\"wp-block-spacer\" data-css=\"3f506293ebd5ab0cffd1ca45c03aeb71\" aria-hidden=\"true\">\u00a0<\/div>\n<h2 class=\"wp-block-heading\">Authorised representative(s)<\/h2>\n<p>Zeynep Kalfa<\/p>\n<div class=\"wp-block-spacer\" data-css=\"3f506293ebd5ab0cffd1ca45c03aeb71\" aria-hidden=\"true\">\u00a0<\/div>\n<h2 class=\"wp-block-heading\">Commercial register entry<\/h2>\n<p>Registered company name:<br \/><strong>Selenophile GmbH<\/strong><\/p>\n<p>Company number (UID):<br \/><strong>CHE-485.269.713<\/strong><\/p>\n<p>\u00a0<\/p>\n<h2 class=\"wp-block-heading\">Disclaimer<\/h2>\n<p>The author accepts no liability whatsoever with regard to the correctness, accuracy, up-to-dateness, reliability and completeness of the information.<\/p>\n<p>Liability claims against the author for material or immaterial damage resulting from access to or use or non-use of the published information, misuse of the connection or technical faults are excluded.<\/p>\n<p>All offers are non-binding. The author expressly reserves the right to change, supplement or delete parts of the pages or the entire offer without special notice or to cease publication temporarily or permanently.<\/p>\n<div class=\"wp-block-spacer\" data-css=\"3f506293ebd5ab0cffd1ca45c03aeb71\" aria-hidden=\"true\">\u00a0<\/div>\n<h2 class=\"wp-block-heading\">Disclaimer for links<\/h2>\n<p>References and links to third-party websites are outside our area of responsibility. Any responsibility for such websites is rejected. Access to and use of such websites is at the user's own risk.<\/p>\n<div class=\"wp-block-spacer\" data-css=\"3f506293ebd5ab0cffd1ca45c03aeb71\" aria-hidden=\"true\">\u00a0<\/div>\n<h2 class=\"wp-block-heading\">Copyrights<\/h2>\n<p>The copyright and all other rights to content, images, photos or other files on this website belong exclusively to <strong>Selenophile GmbH<\/strong>\u00a0or the specifically named copyright holders. The written consent of the copyright holder must be obtained in advance for the reproduction of any elements.<\/p>\n<div class=\"wp-block-spacer\" data-css=\"3f506293ebd5ab0cffd1ca45c03aeb71\" aria-hidden=\"true\">\u00a0<\/div>\n<h2 class=\"wp-block-heading\">Concept, Design<\/h2>\n<p>Rau advertising agency GmbH<br \/><a href=\"https:\/\/www.werbeagentur-in-zuerich.ch\/\" target=\"_blank\" rel=\"noopener\">www.rau.ch<\/a><\/p>\n<div class=\"wp-block-spacer\" data-css=\"3f506293ebd5ab0cffd1ca45c03aeb71\" aria-hidden=\"true\">\u00a0<\/div>\n<h2 class=\"wp-block-heading\">Technical realisation<\/h2>\n<p>Tupalov WEB<br \/><a href=\"https:\/\/www.atweb.ch\/\" target=\"_blank\" rel=\"noopener\">www.atweb.ch<\/a><\/p>\t\t\t\t\t\t\t\t<\/div>\n\t\t\t\t<\/div>\n\t\t\t\t\t<\/div>\n\t\t\t\t<\/div>\n\t\t\t\t<\/div>","protected":false},"excerpt":{"rendered":"<p>Impressum Kontakt-Adresse Kita Noor Baumackerstrasse 428050 Z\u00fcrich E-Mail: info@kitanoor.ch \u00a0 Vertretungsberechtigte Person(en) Zeynep Kalfa \u00a0 Handelsregister-Eintrag Eingetragener Firmenname:Selenophile GmbH Unternehmens-Nr (UID):CHE-485.269.713 \u00a0 Haftungsausschluss Der Autor \u00fcbernimmt keinerlei Gew\u00e4hr hinsichtlich der inhaltlichen Richtigkeit, Genauigkeit, Aktualit\u00e4t, Zuverl\u00e4ssigkeit und Vollst\u00e4ndigkeit der Informationen. Haftungsanspr\u00fcche gegen den Autor wegen Sch\u00e4den materieller oder immaterieller Art, welche aus dem Zugriff oder der&#8230;<\/p>","protected":false},"author":1,"featured_media":0,"parent":0,"menu_order":21,"comment_status":"closed","ping_status":"closed","template":"","meta":{"footnotes":""},"class_list":["post-3","page","type-page","status-publish","hentry"],"_links":{"self":[{"href":"https:\/\/www.kitanoor.ch\/en\/wp-json\/wp\/v2\/pages\/3","targetHints":{"allow":["GET"]}}],"collection":[{"href":"https:\/\/www.kitanoor.ch\/en\/wp-json\/wp\/v2\/pages"}],"about":[{"href":"https:\/\/www.kitanoor.ch\/en\/wp-json\/wp\/v2\/types\/page"}],"author":[{"embeddable":true,"href":"https:\/\/www.kitanoor.ch\/en\/wp-json\/wp\/v2\/users\/1"}],"replies":[{"embeddable":true,"href":"https:\/\/www.kitanoor.ch\/en\/wp-json\/wp\/v2\/comments?post=3"}],"version-history":[{"count":6,"href":"https:\/\/www.kitanoor.ch\/en\/wp-json\/wp\/v2\/pages\/3\/revisions"}],"predecessor-version":[{"id":5127,"href":"https:\/\/www.kitanoor.ch\/en\/wp-json\/wp\/v2\/pages\/3\/revisions\/5127"}],"wp:attachment":[{"href":"https:\/\/www.kitanoor.ch\/en\/wp-json\/wp\/v2\/media?parent=3"}],"curies":[{"name":"wp","href":"https:\/\/api.w.org\/{rel}","templated":true}]}}